{"id":321,"date":"2022-12-02T14:35:48","date_gmt":"2022-12-02T13:35:48","guid":{"rendered":"https:\/\/citarna.unijazz.cz\/?page_id=321"},"modified":"2022-12-05T21:54:49","modified_gmt":"2022-12-05T20:54:49","slug":"zpracovani-osobnich-udaju","status":"publish","type":"page","link":"https:\/\/citarna.unijazz.cz\/en\/zpracovani-osobnich-udaju\/","title":{"rendered":"Processing of personal data"},"content":{"rendered":"<p><strong>Consent to the processing of personal data<\/strong><\/p>\n<p><strong>\u00a0<\/strong><\/p>\n<p>I hereby grant my consent to the Association Unijazz - Association for the Support of Cultural Activities, z.s. with registered office at Husitsk\u00e1 22, Prague 3, ID No: <strong>00406724<\/strong> registered in the Federal Register at the Municipal Court in Prague, file number L 825 (hereinafter referred to as the \"Controller\"), to process the following personal data within the meaning of Regulation (EU) No 2016\/679 of the European Parliament and of the Council on the protection of personal data of natural persons (hereinafter referred to as the \"GDPR\"):<\/p>\n<p>&nbsp;<\/p>\n<ul>\n<li>E-mail<\/li>\n<\/ul>\n<p>&nbsp;<\/p>\n<ol>\n<li>This personal data must be processed for the purpose of sending the newsletter. The data will be processed by the controller until the consent is withdrawn.<\/li>\n<li>I give my express consent to the above processing. Consent can be withdrawn at any time, for example by sending an e-mail or letter to the contact details:<\/li>\n<\/ol>\n<p>Unijazz, z.s., Husitsk\u00e1 42\/22, 130 00 Prague 3, e-mail: <a href=\"mailto:novinky@unijazz.cz\">novinky@unijazz.cz<\/a><\/p>\n<p>&nbsp;<\/p>\n<ol start=\"3\">\n<li>The processing of personal data is carried out by the Controller, however, the following processors may also process personal data for the Controller: Softmedia - IT supplier<\/li>\n<li>According to the GDPR you have the right to:<\/li>\n<\/ol>\n<ul>\n<li>Withdraw consent at any time<\/li>\n<li>Request information about what personal data we process about you<\/li>\n<li>Request an explanation regarding the processing of personal data<\/li>\n<li>Request access to this data and have it updated or corrected<\/li>\n<li>Request rectification, erasure of personal data, restriction of processing and object to processing<\/li>\n<\/ul>\n<p>&nbsp;<\/p>","protected":false},"excerpt":{"rendered":"<p>Consent to the processing of personal data I hereby give my consent to the Unijazz Association - Association for the Promotion of Cultural Activities, z.s., with registered office at Husitsk\u00e1 22, Prague 3, ID No.: 00406724, registered in the Federal Register at the Municipal Court in Prague, File No. L 825 (hereinafter referred to as the \"Administrator\"), to [...]<\/p>","protected":false},"author":2,"featured_media":0,"parent":0,"menu_order":0,"comment_status":"closed","ping_status":"closed","template":"","meta":{"_acf_changed":false,"footnotes":""},"class_list":["post-321","page","type-page","status-publish","hentry"],"acf":[],"yoast_head":"<!-- This site is optimized with the Yoast SEO plugin v26.6 - https:\/\/yoast.com\/wordpress\/plugins\/seo\/ -->\n<title>Zpracov\u00e1n\u00ed osobn\u00edch \u00fadaj\u016f - \u010c\u00edt\u00e1rna Unijazz<\/title>\n<meta name=\"robots\" content=\"index, follow, max-snippet:-1, max-image-preview:large, max-video-preview:-1\" \/>\n<link rel=\"canonical\" href=\"https:\/\/citarna.unijazz.cz\/en\/zpracovani-osobnich-udaju\/\" \/>\n<meta property=\"og:locale\" content=\"en_GB\" \/>\n<meta property=\"og:type\" content=\"article\" \/>\n<meta property=\"og:title\" content=\"Zpracov\u00e1n\u00ed osobn\u00edch \u00fadaj\u016f - \u010c\u00edt\u00e1rna Unijazz\" \/>\n<meta property=\"og:description\" content=\"Souhlas se zpracov\u00e1n\u00edm osobn\u00edch \u00fadaj\u016f \u00a0 Ud\u011bluji t\u00edmto souhlas Spolku Unijazz \u2013 sdru\u017een\u00ed pro podporu kulturn\u00edch aktivit, z.s. se s\u00eddlem Husitsk\u00e1 22, Praha 3, I\u010cO: 00406724 zapsan\u00e9m ve spolkov\u00e9m rejst\u0159\u00edku u M\u011bstsk\u00e9ho soudu v\u00a0Praze, spisov\u00e1 zna\u010dka L 825 (d\u00e1le jen \u201espr\u00e1vce\u201c), aby ve smyslu na\u0159\u00edzen\u00ed Evropsk\u00e9ho parlamentu a Rady (EU) \u010d. 2016\/679 o ochran\u011b osobn\u00edch [&hellip;]\" \/>\n<meta property=\"og:url\" content=\"https:\/\/citarna.unijazz.cz\/en\/zpracovani-osobnich-udaju\/\" \/>\n<meta property=\"og:site_name\" content=\"\u010c\u00edt\u00e1rna Unijazz\" \/>\n<meta property=\"article:publisher\" content=\"https:\/\/www.facebook.com\/citarnaunijazz\" \/>\n<meta property=\"article:modified_time\" content=\"2022-12-05T20:54:49+00:00\" \/>\n<meta property=\"og:image\" content=\"https:\/\/citarna.unijazz.cz\/wp-content\/uploads\/2022\/11\/DSC_0040-scaled.jpg\" \/>\n\t<meta property=\"og:image:width\" content=\"2560\" \/>\n\t<meta property=\"og:image:height\" content=\"1675\" \/>\n\t<meta property=\"og:image:type\" content=\"image\/jpeg\" \/>\n<meta name=\"twitter:card\" content=\"summary_large_image\" \/>\n<meta name=\"twitter:label1\" content=\"Estimated reading time\" \/>\n\t<meta name=\"twitter:data1\" content=\"1 minute\" \/>\n<script type=\"application\/ld+json\" class=\"yoast-schema-graph\">{\"@context\":\"https:\/\/schema.org\",\"@graph\":[{\"@type\":\"WebPage\",\"@id\":\"https:\/\/citarna.unijazz.cz\/zpracovani-osobnich-udaju\/\",\"url\":\"https:\/\/citarna.unijazz.cz\/zpracovani-osobnich-udaju\/\",\"name\":\"Zpracov\u00e1n\u00ed osobn\u00edch \u00fadaj\u016f - \u010c\u00edt\u00e1rna Unijazz\",\"isPartOf\":{\"@id\":\"https:\/\/citarna.unijazz.cz\/#website\"},\"datePublished\":\"2022-12-02T13:35:48+00:00\",\"dateModified\":\"2022-12-05T20:54:49+00:00\",\"breadcrumb\":{\"@id\":\"https:\/\/citarna.unijazz.cz\/zpracovani-osobnich-udaju\/#breadcrumb\"},\"inLanguage\":\"en-GB\",\"potentialAction\":[{\"@type\":\"ReadAction\",\"target\":[\"https:\/\/citarna.unijazz.cz\/zpracovani-osobnich-udaju\/\"]}]},{\"@type\":\"BreadcrumbList\",\"@id\":\"https:\/\/citarna.unijazz.cz\/zpracovani-osobnich-udaju\/#breadcrumb\",\"itemListElement\":[{\"@type\":\"ListItem\",\"position\":1,\"name\":\"Dom\u016f\",\"item\":\"https:\/\/citarna.unijazz.cz\/\"},{\"@type\":\"ListItem\",\"position\":2,\"name\":\"Zpracov\u00e1n\u00ed osobn\u00edch \u00fadaj\u016f\"}]},{\"@type\":\"WebSite\",\"@id\":\"https:\/\/citarna.unijazz.cz\/#website\",\"url\":\"https:\/\/citarna.unijazz.cz\/\",\"name\":\"\u010c\u00edt\u00e1rna Unijazz\",\"description\":\"\",\"publisher\":{\"@id\":\"https:\/\/citarna.unijazz.cz\/#organization\"},\"potentialAction\":[{\"@type\":\"SearchAction\",\"target\":{\"@type\":\"EntryPoint\",\"urlTemplate\":\"https:\/\/citarna.unijazz.cz\/?s={search_term_string}\"},\"query-input\":{\"@type\":\"PropertyValueSpecification\",\"valueRequired\":true,\"valueName\":\"search_term_string\"}}],\"inLanguage\":\"en-GB\"},{\"@type\":\"Organization\",\"@id\":\"https:\/\/citarna.unijazz.cz\/#organization\",\"name\":\"\u010c\u00edt\u00e1rna Unijazz\",\"url\":\"https:\/\/citarna.unijazz.cz\/\",\"logo\":{\"@type\":\"ImageObject\",\"inLanguage\":\"en-GB\",\"@id\":\"https:\/\/citarna.unijazz.cz\/#\/schema\/logo\/image\/\",\"url\":\"https:\/\/citarna.unijazz.cz\/wp-content\/uploads\/2022\/12\/citarna_unijazz_logo_K.jpg\",\"contentUrl\":\"https:\/\/citarna.unijazz.cz\/wp-content\/uploads\/2022\/12\/citarna_unijazz_logo_K.jpg\",\"width\":956,\"height\":980,\"caption\":\"\u010c\u00edt\u00e1rna Unijazz\"},\"image\":{\"@id\":\"https:\/\/citarna.unijazz.cz\/#\/schema\/logo\/image\/\"},\"sameAs\":[\"https:\/\/www.facebook.com\/citarnaunijazz\",\"https:\/\/www.instagram.com\/citarna_unijazz\/\",\"https:\/\/www.youtube.com\/channel\/UCjj9R04WAMzFb4KuznIlVxg\"]}]}<\/script>\n<!-- \/ Yoast SEO plugin. -->","yoast_head_json":{"title":"Processing of personal data - Unijazz Reading Room","robots":{"index":"index","follow":"follow","max-snippet":"max-snippet:-1","max-image-preview":"max-image-preview:large","max-video-preview":"max-video-preview:-1"},"canonical":"https:\/\/citarna.unijazz.cz\/en\/zpracovani-osobnich-udaju\/","og_locale":"en_GB","og_type":"article","og_title":"Zpracov\u00e1n\u00ed osobn\u00edch \u00fadaj\u016f - \u010c\u00edt\u00e1rna Unijazz","og_description":"Souhlas se zpracov\u00e1n\u00edm osobn\u00edch \u00fadaj\u016f \u00a0 Ud\u011bluji t\u00edmto souhlas Spolku Unijazz \u2013 sdru\u017een\u00ed pro podporu kulturn\u00edch aktivit, z.s. se s\u00eddlem Husitsk\u00e1 22, Praha 3, I\u010cO: 00406724 zapsan\u00e9m ve spolkov\u00e9m rejst\u0159\u00edku u M\u011bstsk\u00e9ho soudu v\u00a0Praze, spisov\u00e1 zna\u010dka L 825 (d\u00e1le jen \u201espr\u00e1vce\u201c), aby ve smyslu na\u0159\u00edzen\u00ed Evropsk\u00e9ho parlamentu a Rady (EU) \u010d. 2016\/679 o ochran\u011b osobn\u00edch [&hellip;]","og_url":"https:\/\/citarna.unijazz.cz\/en\/zpracovani-osobnich-udaju\/","og_site_name":"\u010c\u00edt\u00e1rna Unijazz","article_publisher":"https:\/\/www.facebook.com\/citarnaunijazz","article_modified_time":"2022-12-05T20:54:49+00:00","og_image":[{"width":2560,"height":1675,"url":"https:\/\/citarna.unijazz.cz\/wp-content\/uploads\/2022\/11\/DSC_0040-scaled.jpg","type":"image\/jpeg"}],"twitter_card":"summary_large_image","twitter_misc":{"Estimated reading time":"1 minute"},"schema":{"@context":"https:\/\/schema.org","@graph":[{"@type":"WebPage","@id":"https:\/\/citarna.unijazz.cz\/zpracovani-osobnich-udaju\/","url":"https:\/\/citarna.unijazz.cz\/zpracovani-osobnich-udaju\/","name":"Processing of personal data - Unijazz Reading Room","isPartOf":{"@id":"https:\/\/citarna.unijazz.cz\/#website"},"datePublished":"2022-12-02T13:35:48+00:00","dateModified":"2022-12-05T20:54:49+00:00","breadcrumb":{"@id":"https:\/\/citarna.unijazz.cz\/zpracovani-osobnich-udaju\/#breadcrumb"},"inLanguage":"en-GB","potentialAction":[{"@type":"ReadAction","target":["https:\/\/citarna.unijazz.cz\/zpracovani-osobnich-udaju\/"]}]},{"@type":"BreadcrumbList","@id":"https:\/\/citarna.unijazz.cz\/zpracovani-osobnich-udaju\/#breadcrumb","itemListElement":[{"@type":"ListItem","position":1,"name":"Dom\u016f","item":"https:\/\/citarna.unijazz.cz\/"},{"@type":"ListItem","position":2,"name":"Zpracov\u00e1n\u00ed osobn\u00edch \u00fadaj\u016f"}]},{"@type":"WebSite","@id":"https:\/\/citarna.unijazz.cz\/#website","url":"https:\/\/citarna.unijazz.cz\/","name":"Unijazz Reading Room","description":"","publisher":{"@id":"https:\/\/citarna.unijazz.cz\/#organization"},"potentialAction":[{"@type":"SearchAction","target":{"@type":"EntryPoint","urlTemplate":"https:\/\/citarna.unijazz.cz\/?s={search_term_string}"},"query-input":{"@type":"PropertyValueSpecification","valueRequired":true,"valueName":"search_term_string"}}],"inLanguage":"en-GB"},{"@type":"Organization","@id":"https:\/\/citarna.unijazz.cz\/#organization","name":"Unijazz Reading Room","url":"https:\/\/citarna.unijazz.cz\/","logo":{"@type":"ImageObject","inLanguage":"en-GB","@id":"https:\/\/citarna.unijazz.cz\/#\/schema\/logo\/image\/","url":"https:\/\/citarna.unijazz.cz\/wp-content\/uploads\/2022\/12\/citarna_unijazz_logo_K.jpg","contentUrl":"https:\/\/citarna.unijazz.cz\/wp-content\/uploads\/2022\/12\/citarna_unijazz_logo_K.jpg","width":956,"height":980,"caption":"\u010c\u00edt\u00e1rna Unijazz"},"image":{"@id":"https:\/\/citarna.unijazz.cz\/#\/schema\/logo\/image\/"},"sameAs":["https:\/\/www.facebook.com\/citarnaunijazz","https:\/\/www.instagram.com\/citarna_unijazz\/","https:\/\/www.youtube.com\/channel\/UCjj9R04WAMzFb4KuznIlVxg"]}]}},"post_mailing_queue_ids":[],"_links":{"self":[{"href":"https:\/\/citarna.unijazz.cz\/en\/wp-json\/wp\/v2\/pages\/321","targetHints":{"allow":["GET"]}}],"collection":[{"href":"https:\/\/citarna.unijazz.cz\/en\/wp-json\/wp\/v2\/pages"}],"about":[{"href":"https:\/\/citarna.unijazz.cz\/en\/wp-json\/wp\/v2\/types\/page"}],"author":[{"embeddable":true,"href":"https:\/\/citarna.unijazz.cz\/en\/wp-json\/wp\/v2\/users\/2"}],"replies":[{"embeddable":true,"href":"https:\/\/citarna.unijazz.cz\/en\/wp-json\/wp\/v2\/comments?post=321"}],"version-history":[{"count":3,"href":"https:\/\/citarna.unijazz.cz\/en\/wp-json\/wp\/v2\/pages\/321\/revisions"}],"predecessor-version":[{"id":471,"href":"https:\/\/citarna.unijazz.cz\/en\/wp-json\/wp\/v2\/pages\/321\/revisions\/471"}],"wp:attachment":[{"href":"https:\/\/citarna.unijazz.cz\/en\/wp-json\/wp\/v2\/media?parent=321"}],"curies":[{"name":"wp","href":"https:\/\/api.w.org\/{rel}","templated":true}]}}