{"id":69,"date":"2022-10-31T16:19:57","date_gmt":"2022-10-31T15:19:57","guid":{"rendered":"https:\/\/unijazz.softmedia.cz\/?page_id=69"},"modified":"2025-06-24T10:32:41","modified_gmt":"2025-06-24T08:32:41","slug":"partneri-a-press","status":"publish","type":"page","link":"https:\/\/citarna.unijazz.cz\/en\/partneri-a-press\/","title":{"rendered":"Partners and press"},"content":{"rendered":"<div class=\"press\">\n<h3>Downloads<\/h3>\n<div class=\"pressCont\">\n<p>&nbsp;<\/p>\n<div class=\"pressLink\">\n<div class=\"pressIcon\">zip<\/div>\n<p>&nbsp;<\/p>\n<p>Logo (AI, PSD, PDF, JPG)<br \/>\nGraphic manual (PDF)<br \/>\nInfo (DOCX)<\/p>\n<nav id=\"pressDetailsLogo\"><a href=\"https:\/\/citarna.unijazz.cz\/wp-content\/uploads\/2022\/12\/citarna_unijazz_logoAI.zip\" target=\"blank\" rel=\"noopener\"><span class=\"plus\">+<\/span>AI logo format<\/a><br \/>\n<a href=\"https:\/\/citarna.unijazz.cz\/wp-content\/uploads\/2022\/12\/citarna_unijazz_logoPSD.zip\" target=\"blank\" rel=\"noopener\"><span class=\"plus\">+<\/span>Logo format PSD<\/a><br \/>\n<a href=\"https:\/\/citarna.unijazz.cz\/wp-content\/uploads\/2022\/12\/citarna_unijazz_logo.pdf\" target=\"blank\" rel=\"noopener\"><span class=\"plus\">+<\/span>Logo format PDF<\/a><br \/>\n<a href=\"https:\/\/citarna.unijazz.cz\/wp-content\/uploads\/2022\/12\/citarna_unijazz_logo_K.jpg\" target=\"blank\" rel=\"noopener\"><span class=\"plus\">+<\/span>Logo format JPG<\/a><br \/>\n<a href=\"https:\/\/citarna.unijazz.cz\/wp-content\/uploads\/2022\/12\/citarna_unijazz_manual1.pdf\" target=\"blank\" rel=\"noopener\"><span class=\"plus\">+<\/span>Graphic manual PDF<\/a><br \/>\n<a href=\"https:\/\/citarna.unijazz.cz\/wp-content\/uploads\/2022\/12\/citarnarna-o_nas_a-historie.docx\" target=\"blank\" rel=\"noopener\"><span class=\"plus\">+<\/span>Info DOCX<\/a><br \/>\n<!--<a href=\"#\" target=\"blank\" rel=\"noopener\"><span class=\"plus\">+<\/span>Info PDF<\/a>--><\/nav>\n<\/div>\n<p>&nbsp;<\/p>\n<div class=\"pressLink\">\n<p>Current programme<\/p>\n<nav id=\"pressDetailsProgram\"><!--<a href=\"https:\/\/citarna.unijazz.cz\/wp-content\/uploads\/2023\/01\/program-A3_leden.pdf\" target=\"blank\" rel=\"noopener\"><span class=\"plus\">+<\/span>Program form\u00e1t PDF<\/a>\n<a href=\"https:\/\/citarna.unijazz.cz\/wp-content\/uploads\/2023\/01\/program-A3_leden.jpg\" target=\"blank\" rel=\"noopener\"><span class=\"plus\">+<\/span>Program form\u00e1t JPG<\/a>\n--><br \/>\n<a href=\"https:\/\/citarna.unijazz.cz\/wp-content\/uploads\/2023\/05\/Program-kveten-2023-\u2013-prehled.docx\" target=\"blank\" rel=\"noopener\"><span class=\"plus\">+<\/span>Program format DOCX<\/a><\/nav>\n<\/div>\n<p>&nbsp;<\/p>\n<\/div>\n<\/div>\n<p>&nbsp;<\/p>\n<h2><span class=\"plus\">+<\/span>partners<span class=\"plus\">+<\/span><\/h2>\n<p>The Unijazz Reading Room is financially supported by the City of Prague. Prague, the Ministry of Culture of the Czech Republic and Prague 3.<\/p>\n<div class=\"partners\"><a href=\"https:\/\/www.praha.eu\/jnp\/\" target=\"_blank\" rel=\"noopener\"><img decoding=\"async\" src=\"\/images\/partners\/praha.png\" alt=\"Praha\" \/><\/a><br \/>\n<a href=\"https:\/\/www.mkcr.cz\/\" target=\"_blank\" rel=\"noopener\"><img decoding=\"async\" src=\"\/images\/partners\/logo-MK.png\" alt=\"Praha\" \/><\/a><br \/>\n<a href=\"https:\/\/www.praha3.cz\/\" target=\"_blank\" rel=\"noopener\"><img decoding=\"async\" src=\"\/images\/partners\/praha3.png\" alt=\"Praha 3\" \/><\/a><br \/>\n<a href=\"https:\/\/www.nchf.cz\/\" target=\"_blank\" rel=\"noopener\"><img decoding=\"async\" src=\"https:\/\/citarna.unijazz.cz\/wp-content\/uploads\/2025\/03\/Logo-NCHF.png\" alt=\"Nadace \u010cesk\u00fd Hudebn\u00ed Fond\" \/><\/a><br \/>\n<a href=\"https:\/\/www.nadace-zivot-umelce.cz\/\" target=\"_blank\" rel=\"noopener\"><img decoding=\"async\" src=\"https:\/\/citarna.unijazz.cz\/wp-content\/uploads\/2025\/05\/nadace.png\" alt=\"Nadace \u017eivot um\u011blce\" width=\"72\" \/><\/a><\/div>\n<h3>MEDIA PARTNERS<\/h3>\n<div class=\"partners\"><a href=\"https:\/\/www.radio1.cz\/\" target=\"_blank\" rel=\"noopener\"><img decoding=\"async\" src=\"\/images\/partners\/radio1.png\" alt=\"Radio 1\" \/><\/a><br \/>\n<a href=\"https:\/\/www.fullmoonzine.cz\/\" target=\"_blank\" rel=\"noopener\"><img decoding=\"async\" src=\"\/images\/partners\/fullmoon.png\" alt=\"FullMoon Music Magazine\" \/><\/a><br \/>\n<a href=\"https:\/\/www.magazinuni.cz\/\" target=\"_blank\" rel=\"noopener\"><img decoding=\"async\" src=\"\/images\/partners\/uni.png\" alt=\"UNI\" \/><\/a><\/div>\n<h3>OTHER PARTNERS AND COLLABORATORS<\/h3>\n<div class=\"partners\"><a href=\"https:\/\/www.sudopreal.cz\/\" target=\"blank\" rel=\"noopener\"><img decoding=\"async\" class=\"midd\" src=\"\/images\/partners\/Sudop-Real-logo.png\" alt=\"Sudop Real\" \/><\/a><br \/>\n<a href=\"https:\/\/www.popmuseum.cz\/\" target=\"_blank\" rel=\"noopener\"><img decoding=\"async\" src=\"\/images\/partners\/popmuzeum.png\" alt=\"Popmuseum\" \/><\/a><br \/>\n<a href=\"http:\/\/www.jmw.cz\/\" target=\"_blank\" rel=\"noopener\"><img decoding=\"async\" src=\"\/images\/partners\/jazzMeets.png\" alt=\"Jazz Meets World\" \/><\/a><br \/>\n<a href=\"https:\/\/www.krenovka.cz\/\" target=\"blank\" rel=\"noopener\"><img decoding=\"async\" class=\"wider\" src=\"\/images\/partners\/krenovka.png\" alt=\"Krenovka\" \/><\/a><br \/>\n<a href=\"https:\/\/rachot.cz\/\" target=\"_blank\" rel=\"noopener\"><img decoding=\"async\" src=\"https:\/\/citarna.unijazz.cz\/wp-content\/uploads\/2025\/06\/rachot_logo.png\" alt=\"Rachot\" \/><\/a><\/div>\n<p><a class=\"pageEndSignEnd page-scroll\" href=\"#top\">}<\/a><\/p>","protected":false},"excerpt":{"rendered":"<p>Download zip Logo (AI, PSD, PDF, JPG) Graphic manual (PDF) Info (DOCX) +Logo format AI +Logo format PSD +Logo format PDF +Logo format JPG +Graphic manual PDF +Info DOCX Current programme +Programme format DOCX +partners+ The Unijazz Reading Room is financially supported by the City of Prague. Prague, the Ministry of Culture of the Czech Republic and the Prague 3 [...]<\/p>","protected":false},"author":2,"featured_media":0,"parent":0,"menu_order":0,"comment_status":"closed","ping_status":"closed","template":"","meta":{"_acf_changed":false,"footnotes":""},"class_list":["post-69","page","type-page","status-publish","hentry"],"acf":[],"yoast_head":"<!-- This site is optimized with the Yoast SEO plugin v26.6 - https:\/\/yoast.com\/wordpress\/plugins\/seo\/ -->\n<title>Partne\u0159i a press - \u010c\u00edt\u00e1rna Unijazz<\/title>\n<meta name=\"robots\" content=\"index, follow, max-snippet:-1, max-image-preview:large, max-video-preview:-1\" \/>\n<link rel=\"canonical\" href=\"https:\/\/citarna.unijazz.cz\/en\/partneri-a-press\/\" \/>\n<meta property=\"og:locale\" content=\"en_GB\" \/>\n<meta property=\"og:type\" content=\"article\" \/>\n<meta property=\"og:title\" content=\"Partne\u0159i a press - \u010c\u00edt\u00e1rna Unijazz\" \/>\n<meta property=\"og:description\" content=\"Ke sta\u017een\u00ed &nbsp; zip &nbsp; Logo (AI, PSD, PDF, JPG) Grafick\u00fd manu\u00e1l (PDF) Info (DOCX) +Logo form\u00e1t AI +Logo form\u00e1t PSD +Logo form\u00e1t PDF +Logo form\u00e1t JPG +Grafick\u00fd manu\u00e1l PDF +Info DOCX &nbsp; Aktu\u00e1ln\u00ed program +Program form\u00e1t DOCX &nbsp; &nbsp; +partne\u0159i+ \u010c\u00edt\u00e1rnu Unijazz finan\u010dn\u011b podporuj\u00ed hl. m. Praha, Ministerstvo kultury \u010cR a M\u010c Praha 3. [&hellip;]\" \/>\n<meta property=\"og:url\" content=\"https:\/\/citarna.unijazz.cz\/en\/partneri-a-press\/\" \/>\n<meta property=\"og:site_name\" content=\"\u010c\u00edt\u00e1rna Unijazz\" \/>\n<meta property=\"article:publisher\" content=\"https:\/\/www.facebook.com\/citarnaunijazz\" \/>\n<meta property=\"article:modified_time\" content=\"2025-06-24T08:32:41+00:00\" \/>\n<meta property=\"og:image\" content=\"https:\/\/citarna.unijazz.cz\/wp-content\/uploads\/2025\/03\/Logo-NCHF.png\" \/>\n<meta name=\"twitter:card\" content=\"summary_large_image\" \/>\n<meta name=\"twitter:label1\" content=\"Estimated reading time\" \/>\n\t<meta name=\"twitter:data1\" content=\"3 minutes\" \/>\n<script type=\"application\/ld+json\" class=\"yoast-schema-graph\">{\"@context\":\"https:\/\/schema.org\",\"@graph\":[{\"@type\":\"WebPage\",\"@id\":\"https:\/\/citarna.unijazz.cz\/partneri-a-press\/\",\"url\":\"https:\/\/citarna.unijazz.cz\/partneri-a-press\/\",\"name\":\"Partne\u0159i a press - \u010c\u00edt\u00e1rna Unijazz\",\"isPartOf\":{\"@id\":\"https:\/\/citarna.unijazz.cz\/#website\"},\"primaryImageOfPage\":{\"@id\":\"https:\/\/citarna.unijazz.cz\/partneri-a-press\/#primaryimage\"},\"image\":{\"@id\":\"https:\/\/citarna.unijazz.cz\/partneri-a-press\/#primaryimage\"},\"thumbnailUrl\":\"https:\/\/citarna.unijazz.cz\/wp-content\/uploads\/2025\/03\/Logo-NCHF.png\",\"datePublished\":\"2022-10-31T15:19:57+00:00\",\"dateModified\":\"2025-06-24T08:32:41+00:00\",\"breadcrumb\":{\"@id\":\"https:\/\/citarna.unijazz.cz\/partneri-a-press\/#breadcrumb\"},\"inLanguage\":\"en-GB\",\"potentialAction\":[{\"@type\":\"ReadAction\",\"target\":[\"https:\/\/citarna.unijazz.cz\/partneri-a-press\/\"]}]},{\"@type\":\"ImageObject\",\"inLanguage\":\"en-GB\",\"@id\":\"https:\/\/citarna.unijazz.cz\/partneri-a-press\/#primaryimage\",\"url\":\"https:\/\/citarna.unijazz.cz\/wp-content\/uploads\/2025\/03\/Logo-NCHF.png\",\"contentUrl\":\"https:\/\/citarna.unijazz.cz\/wp-content\/uploads\/2025\/03\/Logo-NCHF.png\"},{\"@type\":\"BreadcrumbList\",\"@id\":\"https:\/\/citarna.unijazz.cz\/partneri-a-press\/#breadcrumb\",\"itemListElement\":[{\"@type\":\"ListItem\",\"position\":1,\"name\":\"Dom\u016f\",\"item\":\"https:\/\/citarna.unijazz.cz\/\"},{\"@type\":\"ListItem\",\"position\":2,\"name\":\"Partne\u0159i a press\"}]},{\"@type\":\"WebSite\",\"@id\":\"https:\/\/citarna.unijazz.cz\/#website\",\"url\":\"https:\/\/citarna.unijazz.cz\/\",\"name\":\"\u010c\u00edt\u00e1rna Unijazz\",\"description\":\"\",\"publisher\":{\"@id\":\"https:\/\/citarna.unijazz.cz\/#organization\"},\"potentialAction\":[{\"@type\":\"SearchAction\",\"target\":{\"@type\":\"EntryPoint\",\"urlTemplate\":\"https:\/\/citarna.unijazz.cz\/?s={search_term_string}\"},\"query-input\":{\"@type\":\"PropertyValueSpecification\",\"valueRequired\":true,\"valueName\":\"search_term_string\"}}],\"inLanguage\":\"en-GB\"},{\"@type\":\"Organization\",\"@id\":\"https:\/\/citarna.unijazz.cz\/#organization\",\"name\":\"\u010c\u00edt\u00e1rna Unijazz\",\"url\":\"https:\/\/citarna.unijazz.cz\/\",\"logo\":{\"@type\":\"ImageObject\",\"inLanguage\":\"en-GB\",\"@id\":\"https:\/\/citarna.unijazz.cz\/#\/schema\/logo\/image\/\",\"url\":\"https:\/\/citarna.unijazz.cz\/wp-content\/uploads\/2022\/12\/citarna_unijazz_logo_K.jpg\",\"contentUrl\":\"https:\/\/citarna.unijazz.cz\/wp-content\/uploads\/2022\/12\/citarna_unijazz_logo_K.jpg\",\"width\":956,\"height\":980,\"caption\":\"\u010c\u00edt\u00e1rna Unijazz\"},\"image\":{\"@id\":\"https:\/\/citarna.unijazz.cz\/#\/schema\/logo\/image\/\"},\"sameAs\":[\"https:\/\/www.facebook.com\/citarnaunijazz\",\"https:\/\/www.instagram.com\/citarna_unijazz\/\",\"https:\/\/www.youtube.com\/channel\/UCjj9R04WAMzFb4KuznIlVxg\"]}]}<\/script>\n<!-- \/ Yoast SEO plugin. -->","yoast_head_json":{"title":"Partne\u0159i a press - \u010c\u00edt\u00e1rna Unijazz","robots":{"index":"index","follow":"follow","max-snippet":"max-snippet:-1","max-image-preview":"max-image-preview:large","max-video-preview":"max-video-preview:-1"},"canonical":"https:\/\/citarna.unijazz.cz\/en\/partneri-a-press\/","og_locale":"en_GB","og_type":"article","og_title":"Partne\u0159i a press - \u010c\u00edt\u00e1rna Unijazz","og_description":"Ke sta\u017een\u00ed &nbsp; zip &nbsp; Logo (AI, PSD, PDF, JPG) Grafick\u00fd manu\u00e1l (PDF) Info (DOCX) +Logo form\u00e1t AI +Logo form\u00e1t PSD +Logo form\u00e1t PDF +Logo form\u00e1t JPG +Grafick\u00fd manu\u00e1l PDF +Info DOCX &nbsp; Aktu\u00e1ln\u00ed program +Program form\u00e1t DOCX &nbsp; &nbsp; +partne\u0159i+ \u010c\u00edt\u00e1rnu Unijazz finan\u010dn\u011b podporuj\u00ed hl. m. Praha, Ministerstvo kultury \u010cR a M\u010c Praha 3. [&hellip;]","og_url":"https:\/\/citarna.unijazz.cz\/en\/partneri-a-press\/","og_site_name":"\u010c\u00edt\u00e1rna Unijazz","article_publisher":"https:\/\/www.facebook.com\/citarnaunijazz","article_modified_time":"2025-06-24T08:32:41+00:00","og_image":[{"url":"https:\/\/citarna.unijazz.cz\/wp-content\/uploads\/2025\/03\/Logo-NCHF.png","type":"","width":"","height":""}],"twitter_card":"summary_large_image","twitter_misc":{"Estimated reading time":"3 minutes"},"schema":{"@context":"https:\/\/schema.org","@graph":[{"@type":"WebPage","@id":"https:\/\/citarna.unijazz.cz\/partneri-a-press\/","url":"https:\/\/citarna.unijazz.cz\/partneri-a-press\/","name":"Partne\u0159i a press - \u010c\u00edt\u00e1rna Unijazz","isPartOf":{"@id":"https:\/\/citarna.unijazz.cz\/#website"},"primaryImageOfPage":{"@id":"https:\/\/citarna.unijazz.cz\/partneri-a-press\/#primaryimage"},"image":{"@id":"https:\/\/citarna.unijazz.cz\/partneri-a-press\/#primaryimage"},"thumbnailUrl":"https:\/\/citarna.unijazz.cz\/wp-content\/uploads\/2025\/03\/Logo-NCHF.png","datePublished":"2022-10-31T15:19:57+00:00","dateModified":"2025-06-24T08:32:41+00:00","breadcrumb":{"@id":"https:\/\/citarna.unijazz.cz\/partneri-a-press\/#breadcrumb"},"inLanguage":"en-GB","potentialAction":[{"@type":"ReadAction","target":["https:\/\/citarna.unijazz.cz\/partneri-a-press\/"]}]},{"@type":"ImageObject","inLanguage":"en-GB","@id":"https:\/\/citarna.unijazz.cz\/partneri-a-press\/#primaryimage","url":"https:\/\/citarna.unijazz.cz\/wp-content\/uploads\/2025\/03\/Logo-NCHF.png","contentUrl":"https:\/\/citarna.unijazz.cz\/wp-content\/uploads\/2025\/03\/Logo-NCHF.png"},{"@type":"BreadcrumbList","@id":"https:\/\/citarna.unijazz.cz\/partneri-a-press\/#breadcrumb","itemListElement":[{"@type":"ListItem","position":1,"name":"Dom\u016f","item":"https:\/\/citarna.unijazz.cz\/"},{"@type":"ListItem","position":2,"name":"Partne\u0159i a press"}]},{"@type":"WebSite","@id":"https:\/\/citarna.unijazz.cz\/#website","url":"https:\/\/citarna.unijazz.cz\/","name":"Unijazz Reading Room","description":"","publisher":{"@id":"https:\/\/citarna.unijazz.cz\/#organization"},"potentialAction":[{"@type":"SearchAction","target":{"@type":"EntryPoint","urlTemplate":"https:\/\/citarna.unijazz.cz\/?s={search_term_string}"},"query-input":{"@type":"PropertyValueSpecification","valueRequired":true,"valueName":"search_term_string"}}],"inLanguage":"en-GB"},{"@type":"Organization","@id":"https:\/\/citarna.unijazz.cz\/#organization","name":"Unijazz Reading Room","url":"https:\/\/citarna.unijazz.cz\/","logo":{"@type":"ImageObject","inLanguage":"en-GB","@id":"https:\/\/citarna.unijazz.cz\/#\/schema\/logo\/image\/","url":"https:\/\/citarna.unijazz.cz\/wp-content\/uploads\/2022\/12\/citarna_unijazz_logo_K.jpg","contentUrl":"https:\/\/citarna.unijazz.cz\/wp-content\/uploads\/2022\/12\/citarna_unijazz_logo_K.jpg","width":956,"height":980,"caption":"\u010c\u00edt\u00e1rna Unijazz"},"image":{"@id":"https:\/\/citarna.unijazz.cz\/#\/schema\/logo\/image\/"},"sameAs":["https:\/\/www.facebook.com\/citarnaunijazz","https:\/\/www.instagram.com\/citarna_unijazz\/","https:\/\/www.youtube.com\/channel\/UCjj9R04WAMzFb4KuznIlVxg"]}]}},"post_mailing_queue_ids":[],"_links":{"self":[{"href":"https:\/\/citarna.unijazz.cz\/en\/wp-json\/wp\/v2\/pages\/69","targetHints":{"allow":["GET"]}}],"collection":[{"href":"https:\/\/citarna.unijazz.cz\/en\/wp-json\/wp\/v2\/pages"}],"about":[{"href":"https:\/\/citarna.unijazz.cz\/en\/wp-json\/wp\/v2\/types\/page"}],"author":[{"embeddable":true,"href":"https:\/\/citarna.unijazz.cz\/en\/wp-json\/wp\/v2\/users\/2"}],"replies":[{"embeddable":true,"href":"https:\/\/citarna.unijazz.cz\/en\/wp-json\/wp\/v2\/comments?post=69"}],"version-history":[{"count":41,"href":"https:\/\/citarna.unijazz.cz\/en\/wp-json\/wp\/v2\/pages\/69\/revisions"}],"predecessor-version":[{"id":22955,"href":"https:\/\/citarna.unijazz.cz\/en\/wp-json\/wp\/v2\/pages\/69\/revisions\/22955"}],"wp:attachment":[{"href":"https:\/\/citarna.unijazz.cz\/en\/wp-json\/wp\/v2\/media?parent=69"}],"curies":[{"name":"wp","href":"https:\/\/api.w.org\/{rel}","templated":true}]}}